{"id":385,"date":"2021-03-15T19:33:36","date_gmt":"2021-03-15T19:33:36","guid":{"rendered":"https:\/\/hematologietanger.ma\/?page_id=385"},"modified":"2021-04-27T10:29:56","modified_gmt":"2021-04-27T10:29:56","slug":"distinction-et-publications","status":"publish","type":"page","link":"https:\/\/hematologietanger.ma\/ar\/distinction-et-publications\/","title":{"rendered":"\u200f \u200f\u0627\u0644\u062a\u0645\u064a\u0632 \u0648 \u0627\u0644\u0645\u0646\u0634\u0648\u0631\u0627\u062a \u200f\u0627\u0644\u0639\u0644\u0645\u064a\u0629"},"content":{"rendered":"<div data-elementor-type=\"wp-page\" data-elementor-id=\"385\" class=\"elementor elementor-385\">\n\t\t\t\t\t\t\t\t\t<section class=\"elementor-section elementor-top-section elementor-element elementor-element-bc459de elementor-section-boxed elementor-section-height-default elementor-section-height-default\" data-id=\"bc459de\" data-element_type=\"section\">\n\t\t\t\t\t\t<div class=\"elementor-container elementor-column-gap-default\">\n\t\t\t\t\t<div class=\"elementor-column elementor-col-100 elementor-top-column elementor-element elementor-element-de950c8\" data-id=\"de950c8\" data-element_type=\"column\">\n\t\t\t<div class=\"elementor-widget-wrap elementor-element-populated\">\n\t\t\t\t\t\t\t\t<div class=\"elementor-element elementor-element-ebee71c elementor-widget elementor-widget-image\" data-id=\"ebee71c\" data-element_type=\"widget\" data-widget_type=\"image.default\">\n\t\t\t\t<div class=\"elementor-widget-container\">\n\t\t\t\t\t\t\t\t\t\t\t\t\t\t\t<img fetchpriority=\"high\" decoding=\"async\" width=\"1024\" height=\"701\" src=\"https:\/\/hematologietanger.ma\/wp-content\/uploads\/2021\/04\/prix_loukhmas_transfusion-1024x701.jpg\" class=\"attachment-large size-large wp-image-484\" alt=\"prix arabe loukhmas transfusion\" srcset=\"https:\/\/hematologietanger.ma\/wp-content\/uploads\/2021\/04\/prix_loukhmas_transfusion-1024x701.jpg 1024w, https:\/\/hematologietanger.ma\/wp-content\/uploads\/2021\/04\/prix_loukhmas_transfusion-300x205.jpg 300w, https:\/\/hematologietanger.ma\/wp-content\/uploads\/2021\/04\/prix_loukhmas_transfusion-768x526.jpg 768w, https:\/\/hematologietanger.ma\/wp-content\/uploads\/2021\/04\/prix_loukhmas_transfusion-1536x1051.jpg 1536w, https:\/\/hematologietanger.ma\/wp-content\/uploads\/2021\/04\/prix_loukhmas_transfusion-2048x1402.jpg 2048w, https:\/\/hematologietanger.ma\/wp-content\/uploads\/2021\/04\/prix_loukhmas_transfusion-16x12.jpg 16w\" sizes=\"(max-width: 1024px) 100vw, 1024px\" \/>\t\t\t\t\t\t\t\t\t\t\t\t\t\t\t<\/div>\n\t\t\t\t<\/div>\n\t\t\t\t<div class=\"elementor-element elementor-element-670dffd elementor-widget elementor-widget-heading\" data-id=\"670dffd\" data-element_type=\"widget\" data-widget_type=\"heading.default\">\n\t\t\t\t<div class=\"elementor-widget-container\">\n\t\t\t<h2 class=\"elementor-heading-title elementor-size-default\">\u200f\u0627\u0644\u062c\u0627\u0626\u0632\u0629 \u0627\u0644\u0639\u0631\u0628\u064a\u0629 \u200f\u0644\u062e\u062f\u0645\u0627\u062a \u0646\u0642\u0644 \u200f\u0627\u0644\u062f\u0645<\/h2>\t\t<\/div>\n\t\t\t\t<\/div>\n\t\t\t\t<div class=\"elementor-element elementor-element-45c8ac8 elementor-widget elementor-widget-text-editor\" data-id=\"45c8ac8\" data-element_type=\"widget\" data-widget_type=\"text-editor.default\">\n\t\t\t\t<div class=\"elementor-widget-container\">\n\t\t\t\t\t\t\t<p>\u0647\u0630\u0647 \u0627\u0644\u062c\u0627\u0626\u0632\u0629 \u062a\u0645\u0646\u062d \u0643\u0644 \u0633\u0646\u062a\u064a\u0646 \u0625\u0644\u0649 \u200f\u0627\u0644\u0634\u062e\u0635 \u200f\u0627\u0644\u0630\u064a \u200f\u0633\u0627\u0647\u0645 \u0641\u064a \u062a\u062d\u0633\u064a\u0646 \u0645\u0646\u0638\u0648\u0645\u0629 \u200f \u200f\u0646\u0642\u0644 \u200f \u200f\u0627\u0644\u062f\u0645 \u0641\u064a  \u0628\u0644\u0627\u062f\u0647. \u064a\u062a\u0645 \u0627\u0644\u062a\u0635\u0648\u064a\u062a \u0639\u0644\u064a\u0647 \u0641\u064a \u200f\u0627\u0644\u0645\u0624\u062a\u0645\u0631 \u0627\u0644\u0639\u0631\u0628\u064a \u200f\u0644\u062e\u062f\u0645\u0627\u062a \u0646\u0642\u0644 \u0627\u0644\u062f\u0645  \u060c \u0648 \u200f\u062a\u062a\u0645 \u0627\u0644\u0645\u0635\u0627\u062f\u0642\u0629 \u0639\u0644\u064a\u0647\u0627 \u0645\u0646 \u0642\u0628\u0644 \u0627\u062c\u062a\u0645\u0627\u0639 \u0642\u0645\u0629 \u0648\u0632\u0631\u0627\u0621 \u0627\u0644\u0635\u062d\u0629 \u0627\u0644\u0639\u0631\u0628.<\/p>\t\t\t\t\t\t<\/div>\n\t\t\t\t<\/div>\n\t\t\t\t<div class=\"elementor-element elementor-element-b74ced7 elementor-widget elementor-widget-image\" data-id=\"b74ced7\" data-element_type=\"widget\" data-widget_type=\"image.default\">\n\t\t\t\t<div class=\"elementor-widget-container\">\n\t\t\t\t\t\t\t\t\t\t\t\t\t\t\t<img decoding=\"async\" width=\"695\" height=\"1024\" src=\"https:\/\/hematologietanger.ma\/wp-content\/uploads\/2021\/04\/IMG_94182915-695x1024.jpg\" class=\"attachment-large size-large wp-image-486\" alt=\"\" srcset=\"https:\/\/hematologietanger.ma\/wp-content\/uploads\/2021\/04\/IMG_94182915-695x1024.jpg 695w, https:\/\/hematologietanger.ma\/wp-content\/uploads\/2021\/04\/IMG_94182915-204x300.jpg 204w, https:\/\/hematologietanger.ma\/wp-content\/uploads\/2021\/04\/IMG_94182915-768x1131.jpg 768w, https:\/\/hematologietanger.ma\/wp-content\/uploads\/2021\/04\/IMG_94182915-1043x1536.jpg 1043w, https:\/\/hematologietanger.ma\/wp-content\/uploads\/2021\/04\/IMG_94182915-1391x2048.jpg 1391w, https:\/\/hematologietanger.ma\/wp-content\/uploads\/2021\/04\/IMG_94182915-8x12.jpg 8w, https:\/\/hematologietanger.ma\/wp-content\/uploads\/2021\/04\/IMG_94182915.jpg 1637w\" sizes=\"(max-width: 695px) 100vw, 695px\" \/>\t\t\t\t\t\t\t\t\t\t\t\t\t\t\t<\/div>\n\t\t\t\t<\/div>\n\t\t\t\t\t<\/div>\n\t\t<\/div>\n\t\t\t\t\t\t\t<\/div>\n\t\t<\/section>\n\t\t\t\t<section class=\"elementor-section elementor-top-section elementor-element elementor-element-01b0ddd elementor-section-boxed elementor-section-height-default elementor-section-height-default\" data-id=\"01b0ddd\" data-element_type=\"section\">\n\t\t\t\t\t\t<div class=\"elementor-container elementor-column-gap-default\">\n\t\t\t\t\t<div class=\"elementor-column elementor-col-100 elementor-top-column elementor-element elementor-element-6ad7bfd\" data-id=\"6ad7bfd\" data-element_type=\"column\">\n\t\t\t<div class=\"elementor-widget-wrap elementor-element-populated\">\n\t\t\t\t\t\t\t\t<div class=\"elementor-element elementor-element-567a973 elementor-widget elementor-widget-heading\" data-id=\"567a973\" data-element_type=\"widget\" data-widget_type=\"heading.default\">\n\t\t\t\t<div class=\"elementor-widget-container\">\n\t\t\t<h2 class=\"elementor-heading-title elementor-size-default\">\u0627\u0644\u0645\u0646\u0634\u0648\u0631\u0627\u062a \u200f\u0627\u0644\u0639\u0644\u0645\u064a\u0629<\/h2>\t\t<\/div>\n\t\t\t\t<\/div>\n\t\t\t\t<section class=\"elementor-section elementor-inner-section elementor-element elementor-element-ddffa82 elementor-section-boxed elementor-section-height-default elementor-section-height-default\" data-id=\"ddffa82\" data-element_type=\"section\">\n\t\t\t\t\t\t<div class=\"elementor-container elementor-column-gap-default\">\n\t\t\t\t\t<div class=\"elementor-column elementor-col-50 elementor-inner-column elementor-element elementor-element-1f176d0\" data-id=\"1f176d0\" data-element_type=\"column\">\n\t\t\t<div class=\"elementor-widget-wrap elementor-element-populated\">\n\t\t\t\t\t\t\t\t<div class=\"elementor-element elementor-element-53844d4 elementor-widget elementor-widget-image\" data-id=\"53844d4\" data-element_type=\"widget\" data-widget_type=\"image.default\">\n\t\t\t\t<div class=\"elementor-widget-container\">\n\t\t\t\t\t\t\t\t\t\t\t\t\t\t\t<img decoding=\"async\" width=\"578\" height=\"784\" src=\"https:\/\/hematologietanger.ma\/wp-content\/uploads\/2021\/04\/wps_NjWPC9DnFI.png\" class=\"attachment-large size-large wp-image-487\" alt=\"livre transfusion sanguine harif loukhmas\" srcset=\"https:\/\/hematologietanger.ma\/wp-content\/uploads\/2021\/04\/wps_NjWPC9DnFI.png 578w, https:\/\/hematologietanger.ma\/wp-content\/uploads\/2021\/04\/wps_NjWPC9DnFI-221x300.png 221w, https:\/\/hematologietanger.ma\/wp-content\/uploads\/2021\/04\/wps_NjWPC9DnFI-9x12.png 9w\" sizes=\"(max-width: 578px) 100vw, 578px\" \/>\t\t\t\t\t\t\t\t\t\t\t\t\t\t\t<\/div>\n\t\t\t\t<\/div>\n\t\t\t\t\t<\/div>\n\t\t<\/div>\n\t\t\t\t<div class=\"elementor-column elementor-col-50 elementor-inner-column elementor-element elementor-element-6a9d2e2\" data-id=\"6a9d2e2\" data-element_type=\"column\">\n\t\t\t<div class=\"elementor-widget-wrap elementor-element-populated\">\n\t\t\t\t\t\t\t\t<div class=\"elementor-element elementor-element-c603401 elementor-widget elementor-widget-text-editor\" data-id=\"c603401\" data-element_type=\"widget\" data-widget_type=\"text-editor.default\">\n\t\t\t\t<div class=\"elementor-widget-container\">\n\t\t\t\t\t\t\t<h3 class=\"elementor-heading-title elementor-size-small elementor-inline-editing pen\" contenteditable=\"true\" data-elementor-setting-key=\"title\" data-pen-placeholder=\"\u00c9crivez ici...\">\u0643\u062a\u0627\u0628 : \u0646\u0642\u0644 \u0627\u0644\u062f\u0645<a href=\"https:\/\/www.researchgate.net\/publication\/282074433_La_transfusion_sanguine_a_l%27usage_du_particien\">\u200f(\u064a\u0645\u0643\u0646 \u200f\u062a\u062d\u0645\u064a\u0644\u0647 \u0647\u0646\u0627<\/a>)<\/h3>\t\t\t\t\t\t<\/div>\n\t\t\t\t<\/div>\n\t\t\t\t\t<\/div>\n\t\t<\/div>\n\t\t\t\t\t\t\t<\/div>\n\t\t<\/section>\n\t\t\t\t<div class=\"elementor-element elementor-element-8dcde30 elementor-widget elementor-widget-text-editor\" data-id=\"8dcde30\" data-element_type=\"widget\" data-widget_type=\"text-editor.default\">\n\t\t\t\t<div class=\"elementor-widget-container\">\n\t\t\t\t\t\t\t<h3 class=\"elementor-heading-title elementor-size-small elementor-inline-editing pen\" contenteditable=\"true\" data-elementor-setting-key=\"title\" data-pen-placeholder=\"\u00c9crivez ici...\">\u200f \u200f\u0645\u0646\u0634\u0648\u0631\u0627\u062a \u0639\u0644\u0645\u064a\u0629 <br \/>Hamdaoui, H., Natiq A., Benlarroubia O., Liehr \u062a\u064a Dehbi H., Loukhmas L., Chegdani F. \u060c<br \/>Near tetrapoloid karyotype with translocation t(11;14) in a Moroccan patient with amyloid light-chain amyloidosis and multiple myeloma<br \/>Leukemia Research Reports, 2020, 14, https:\/\/doi.org\/10.1016\/j.lrr.2020.100217.<br \/><br \/>RR. Alami, L. Loukhmas, A. Zahir, M. Hakam, A. Abouayoub, N. El Amraoui, A. Benahadi, S. Boulahdid, S. Achergui, A. Tazi-Mokha, I. Chakib, A. Bouchaara, H. Bouazza, A. Laghdaf, K. Hajjout, K. Lahjouji, M. Benajiba<br \/>Choix des indicateurs qualit\u00e9 pour un meilleur pilotage des processus, 2013, https:\/\/doi.org\/10.1016\/j.tracli.2013.03.255<br \/><br \/><br \/>S. Fehri, I. Tazi, L. Loukhmass, N. Benchemsi,<br \/>Nouveau container de\u00a0pr\u00e9l\u00e8vement: r\u00f4le dans\u00a0la\u00a0r\u00e9duction de\u00a0la\u00a0contamination bact\u00e9rienne des\u00a0unit\u00e9s plaquettaires standard, Transfusion Clinique et Biologique, 2006, 13, https:\/\/doi.org\/10.1016\/j.tracli.2006.12.001.<br \/><br \/>I. Tazi, L. Loukhmas, N. Benchemsi,<br \/>H\u00e9movigilance\u00a0: bilan 1995\u20132003 Casablanca,<br \/>Transfusion Clinique et Biologique, 2005, 12, https:\/\/doi.org\/10.1016\/j.tracli.2005.04.033.<br \/><br \/>L. Loukhmas, N. Houmane \u0627\u0644\u0633\u064a\u062f Mskine, N. Mdaghri, M. Benbachir, N. Benchemsi,<br \/>Pr\u00e9valence de la contamination bact\u00e9rienne dans les unit\u00e9s plaquettaires standards: \u00e9tude prospective,<br \/>Transfusion Clinique et Biologique, 2000, 7, https:\/\/doi.org\/10.1016\/S1246-7820(00)88946-6.<\/h3>\t\t\t\t\t\t<\/div>\n\t\t\t\t<\/div>\n\t\t\t\t\t<\/div>\n\t\t<\/div>\n\t\t\t\t\t\t\t<\/div>\n\t\t<\/section>\n\t\t\t\t\t\t\t<\/div>","protected":false},"excerpt":{"rendered":"<p>Prix Arabe transfusion sanguine Ce prix est d\u00e9cern\u00e9 tous les deux ans \u00e0 une personne qui a fait avanc\u00e9 le syst\u00e8me transfusionnel dans son pays. Il est vot\u00e9 lors du congr\u00e8s Panarabe en transfusion sanguine, et valid\u00e9 par le sommet des ministres arabes de la sant\u00e9. Publications Livre : La transfusion sanguine (T\u00e9l\u00e9charger ici) Articles [&hellip;]<\/p>","protected":false},"author":1,"featured_media":0,"parent":0,"menu_order":0,"comment_status":"closed","ping_status":"closed","template":"","meta":{"_seopress_robots_primary_cat":"","_seopress_titles_title":"","_seopress_titles_desc":"","_seopress_robots_index":"","footnotes":""},"class_list":["post-385","page","type-page","status-publish","hentry","entry"],"jetpack_sharing_enabled":true,"_links":{"self":[{"href":"https:\/\/hematologietanger.ma\/ar\/wp-json\/wp\/v2\/pages\/385","targetHints":{"allow":["GET"]}}],"collection":[{"href":"https:\/\/hematologietanger.ma\/ar\/wp-json\/wp\/v2\/pages"}],"about":[{"href":"https:\/\/hematologietanger.ma\/ar\/wp-json\/wp\/v2\/types\/page"}],"author":[{"embeddable":true,"href":"https:\/\/hematologietanger.ma\/ar\/wp-json\/wp\/v2\/users\/1"}],"replies":[{"embeddable":true,"href":"https:\/\/hematologietanger.ma\/ar\/wp-json\/wp\/v2\/comments?post=385"}],"version-history":[{"count":15,"href":"https:\/\/hematologietanger.ma\/ar\/wp-json\/wp\/v2\/pages\/385\/revisions"}],"predecessor-version":[{"id":493,"href":"https:\/\/hematologietanger.ma\/ar\/wp-json\/wp\/v2\/pages\/385\/revisions\/493"}],"wp:attachment":[{"href":"https:\/\/hematologietanger.ma\/ar\/wp-json\/wp\/v2\/media?parent=385"}],"curies":[{"name":"wp","href":"https:\/\/api.w.org\/{rel}","templated":true}]}}